{"id":16,"date":"2021-12-20T08:27:08","date_gmt":"2021-12-20T07:27:08","guid":{"rendered":"https:\/\/riversea.pl\/?page_id=16"},"modified":"2024-07-10T15:57:19","modified_gmt":"2024-07-10T13:57:19","slug":"galeria","status":"publish","type":"page","link":"https:\/\/platerpremiumapartments.pl\/en\/galeria","title":{"rendered":"Gallery"},"content":{"rendered":"","protected":false},"excerpt":{"rendered":"","protected":false},"author":3,"featured_media":1589,"parent":0,"menu_order":0,"comment_status":"closed","ping_status":"closed","template":"","meta":{"_acf_changed":false,"footnotes":""},"class_list":["post-16","page","type-page","status-publish","has-post-thumbnail","hentry"],"acf":[],"yoast_head":"<!-- This site is optimized with the Yoast SEO plugin v23.5 - https:\/\/yoast.com\/wordpress\/plugins\/seo\/ -->\n<title>Galeria - Plater Premium Apartments - Apartamenty w centrum Warszawy<\/title>\n<meta name=\"description\" content=\"Przegl\u0105daj zdj\u0119cia Plater Premium Apartments w Warszawie. Zobacz nasze eleganckie apartamenty, nowoczesne wn\u0119trza i wszystkie udogodnienia, kt\u00f3re oferujemy.\" \/>\n<meta name=\"robots\" content=\"index, follow, max-snippet:-1, max-image-preview:large, max-video-preview:-1\" \/>\n<link rel=\"canonical\" href=\"https:\/\/platerpremiumapartments.pl\/en\/galeria\/\" \/>\n<meta property=\"og:locale\" content=\"en_GB\" \/>\n<meta property=\"og:type\" content=\"article\" \/>\n<meta property=\"og:title\" content=\"Galeria - Plater Premium Apartments - Apartamenty w centrum Warszawy\" \/>\n<meta property=\"og:description\" content=\"Przegl\u0105daj zdj\u0119cia Plater Premium Apartments w Warszawie. Zobacz nasze eleganckie apartamenty, nowoczesne wn\u0119trza i wszystkie udogodnienia, kt\u00f3re oferujemy.\" \/>\n<meta property=\"og:url\" content=\"https:\/\/platerpremiumapartments.pl\/en\/galeria\/\" \/>\n<meta property=\"og:site_name\" content=\"Plater Premium Apartments\" \/>\n<meta property=\"article:modified_time\" content=\"2024-07-10T13:57:19+00:00\" \/>\n<meta property=\"og:image\" content=\"https:\/\/platerpremiumapartments.pl\/wp-content\/uploads\/2024\/07\/DSC09655.webp\" \/>\n\t<meta property=\"og:image:width\" content=\"1900\" \/>\n\t<meta property=\"og:image:height\" content=\"1267\" \/>\n\t<meta property=\"og:image:type\" content=\"image\/webp\" \/>\n<meta name=\"twitter:card\" content=\"summary_large_image\" \/>\n<meta name=\"twitter:label1\" content=\"Estimated reading time\" \/>\n\t<meta name=\"twitter:data1\" content=\"1 minute\" \/>\n<script type=\"application\/ld+json\" class=\"yoast-schema-graph\">{\"@context\":\"https:\/\/schema.org\",\"@graph\":[{\"@type\":\"WebPage\",\"@id\":\"https:\/\/platerpremiumapartments.pl\/galeria\",\"url\":\"https:\/\/platerpremiumapartments.pl\/galeria\",\"name\":\"Galeria - Plater Premium Apartments - Apartamenty w centrum Warszawy\",\"isPartOf\":{\"@id\":\"https:\/\/platerpremiumapartments.pl\/#website\"},\"primaryImageOfPage\":{\"@id\":\"https:\/\/platerpremiumapartments.pl\/galeria#primaryimage\"},\"image\":{\"@id\":\"https:\/\/platerpremiumapartments.pl\/galeria#primaryimage\"},\"thumbnailUrl\":\"https:\/\/platerpremiumapartments.pl\/wp-content\/uploads\/2024\/07\/DSC09655.webp\",\"datePublished\":\"2021-12-20T07:27:08+00:00\",\"dateModified\":\"2024-07-10T13:57:19+00:00\",\"description\":\"Przegl\u0105daj zdj\u0119cia Plater Premium Apartments w Warszawie. Zobacz nasze eleganckie apartamenty, nowoczesne wn\u0119trza i wszystkie udogodnienia, kt\u00f3re oferujemy.\",\"breadcrumb\":{\"@id\":\"https:\/\/platerpremiumapartments.pl\/galeria#breadcrumb\"},\"inLanguage\":\"en-GB\",\"potentialAction\":[{\"@type\":\"ReadAction\",\"target\":[\"https:\/\/platerpremiumapartments.pl\/galeria\"]}]},{\"@type\":\"ImageObject\",\"inLanguage\":\"en-GB\",\"@id\":\"https:\/\/platerpremiumapartments.pl\/galeria#primaryimage\",\"url\":\"https:\/\/platerpremiumapartments.pl\/wp-content\/uploads\/2024\/07\/DSC09655.webp\",\"contentUrl\":\"https:\/\/platerpremiumapartments.pl\/wp-content\/uploads\/2024\/07\/DSC09655.webp\",\"width\":1900,\"height\":1267,\"caption\":\"Plater Premium Apartments Warszawa - salon z widokiem na Warszaw\u0119 w Apartamencie Ibiza\"},{\"@type\":\"BreadcrumbList\",\"@id\":\"https:\/\/platerpremiumapartments.pl\/galeria#breadcrumb\",\"itemListElement\":[{\"@type\":\"ListItem\",\"position\":1,\"name\":\"Strona g\u0142\u00f3wna\",\"item\":\"https:\/\/platerpremiumapartments.pl\/\"},{\"@type\":\"ListItem\",\"position\":2,\"name\":\"Galeria\"}]},{\"@type\":\"WebSite\",\"@id\":\"https:\/\/platerpremiumapartments.pl\/#website\",\"url\":\"https:\/\/platerpremiumapartments.pl\/\",\"name\":\"Plater Premium Apartments\",\"description\":\"Apartamenty w centrum Warszawy\",\"publisher\":{\"@id\":\"https:\/\/platerpremiumapartments.pl\/#organization\"},\"potentialAction\":[{\"@type\":\"SearchAction\",\"target\":{\"@type\":\"EntryPoint\",\"urlTemplate\":\"https:\/\/platerpremiumapartments.pl\/?s={search_term_string}\"},\"query-input\":{\"@type\":\"PropertyValueSpecification\",\"valueRequired\":true,\"valueName\":\"search_term_string\"}}],\"inLanguage\":\"en-GB\"},{\"@type\":\"Organization\",\"@id\":\"https:\/\/platerpremiumapartments.pl\/#organization\",\"name\":\"Plater Premium Apartments\",\"url\":\"https:\/\/platerpremiumapartments.pl\/\",\"logo\":{\"@type\":\"ImageObject\",\"inLanguage\":\"en-GB\",\"@id\":\"https:\/\/platerpremiumapartments.pl\/#\/schema\/logo\/image\/\",\"url\":\"https:\/\/platerpremiumapartments.pl\/wp-content\/uploads\/2024\/07\/Projekt-bez-nazwy-2-e1720518515804.png\",\"contentUrl\":\"https:\/\/platerpremiumapartments.pl\/wp-content\/uploads\/2024\/07\/Projekt-bez-nazwy-2-e1720518515804.png\",\"width\":408,\"height\":381,\"caption\":\"Plater Premium Apartments\"},\"image\":{\"@id\":\"https:\/\/platerpremiumapartments.pl\/#\/schema\/logo\/image\/\"},\"sameAs\":[\"https:\/\/www.instagram.com\/platerpremiumapartments\/\"]}]}<\/script>\n<!-- \/ Yoast SEO plugin. -->","yoast_head_json":{"title":"Galeria - Plater Premium Apartments - Apartamenty w centrum Warszawy","description":"Przegl\u0105daj zdj\u0119cia Plater Premium Apartments w Warszawie. Zobacz nasze eleganckie apartamenty, nowoczesne wn\u0119trza i wszystkie udogodnienia, kt\u00f3re oferujemy.","robots":{"index":"index","follow":"follow","max-snippet":"max-snippet:-1","max-image-preview":"max-image-preview:large","max-video-preview":"max-video-preview:-1"},"canonical":"https:\/\/platerpremiumapartments.pl\/en\/galeria\/","og_locale":"en_GB","og_type":"article","og_title":"Galeria - Plater Premium Apartments - Apartamenty w centrum Warszawy","og_description":"Przegl\u0105daj zdj\u0119cia Plater Premium Apartments w Warszawie. Zobacz nasze eleganckie apartamenty, nowoczesne wn\u0119trza i wszystkie udogodnienia, kt\u00f3re oferujemy.","og_url":"https:\/\/platerpremiumapartments.pl\/en\/galeria\/","og_site_name":"Plater Premium Apartments","article_modified_time":"2024-07-10T13:57:19+00:00","og_image":[{"width":1900,"height":1267,"url":"https:\/\/platerpremiumapartments.pl\/wp-content\/uploads\/2024\/07\/DSC09655.webp","type":"image\/webp"}],"twitter_card":"summary_large_image","twitter_misc":{"Estimated reading time":"1 minute"},"schema":{"@context":"https:\/\/schema.org","@graph":[{"@type":"WebPage","@id":"https:\/\/platerpremiumapartments.pl\/galeria","url":"https:\/\/platerpremiumapartments.pl\/galeria","name":"Galeria - Plater Premium Apartments - Apartamenty w centrum Warszawy","isPartOf":{"@id":"https:\/\/platerpremiumapartments.pl\/#website"},"primaryImageOfPage":{"@id":"https:\/\/platerpremiumapartments.pl\/galeria#primaryimage"},"image":{"@id":"https:\/\/platerpremiumapartments.pl\/galeria#primaryimage"},"thumbnailUrl":"https:\/\/platerpremiumapartments.pl\/wp-content\/uploads\/2024\/07\/DSC09655.webp","datePublished":"2021-12-20T07:27:08+00:00","dateModified":"2024-07-10T13:57:19+00:00","description":"Przegl\u0105daj zdj\u0119cia Plater Premium Apartments w Warszawie. Zobacz nasze eleganckie apartamenty, nowoczesne wn\u0119trza i wszystkie udogodnienia, kt\u00f3re oferujemy.","breadcrumb":{"@id":"https:\/\/platerpremiumapartments.pl\/galeria#breadcrumb"},"inLanguage":"en-GB","potentialAction":[{"@type":"ReadAction","target":["https:\/\/platerpremiumapartments.pl\/galeria"]}]},{"@type":"ImageObject","inLanguage":"en-GB","@id":"https:\/\/platerpremiumapartments.pl\/galeria#primaryimage","url":"https:\/\/platerpremiumapartments.pl\/wp-content\/uploads\/2024\/07\/DSC09655.webp","contentUrl":"https:\/\/platerpremiumapartments.pl\/wp-content\/uploads\/2024\/07\/DSC09655.webp","width":1900,"height":1267,"caption":"Plater Premium Apartments Warszawa - salon z widokiem na Warszaw\u0119 w Apartamencie Ibiza"},{"@type":"BreadcrumbList","@id":"https:\/\/platerpremiumapartments.pl\/galeria#breadcrumb","itemListElement":[{"@type":"ListItem","position":1,"name":"Strona g\u0142\u00f3wna","item":"https:\/\/platerpremiumapartments.pl\/"},{"@type":"ListItem","position":2,"name":"Galeria"}]},{"@type":"WebSite","@id":"https:\/\/platerpremiumapartments.pl\/#website","url":"https:\/\/platerpremiumapartments.pl\/","name":"Plater Premium Apartments","description":"Apartamenty w centrum Warszawy","publisher":{"@id":"https:\/\/platerpremiumapartments.pl\/#organization"},"potentialAction":[{"@type":"SearchAction","target":{"@type":"EntryPoint","urlTemplate":"https:\/\/platerpremiumapartments.pl\/?s={search_term_string}"},"query-input":{"@type":"PropertyValueSpecification","valueRequired":true,"valueName":"search_term_string"}}],"inLanguage":"en-GB"},{"@type":"Organization","@id":"https:\/\/platerpremiumapartments.pl\/#organization","name":"Plater Premium Apartments","url":"https:\/\/platerpremiumapartments.pl\/","logo":{"@type":"ImageObject","inLanguage":"en-GB","@id":"https:\/\/platerpremiumapartments.pl\/#\/schema\/logo\/image\/","url":"https:\/\/platerpremiumapartments.pl\/wp-content\/uploads\/2024\/07\/Projekt-bez-nazwy-2-e1720518515804.png","contentUrl":"https:\/\/platerpremiumapartments.pl\/wp-content\/uploads\/2024\/07\/Projekt-bez-nazwy-2-e1720518515804.png","width":408,"height":381,"caption":"Plater Premium Apartments"},"image":{"@id":"https:\/\/platerpremiumapartments.pl\/#\/schema\/logo\/image\/"},"sameAs":["https:\/\/www.instagram.com\/platerpremiumapartments\/"]}]}},"_links":{"self":[{"href":"https:\/\/platerpremiumapartments.pl\/en\/wp-json\/wp\/v2\/pages\/16","targetHints":{"allow":["GET"]}}],"collection":[{"href":"https:\/\/platerpremiumapartments.pl\/en\/wp-json\/wp\/v2\/pages"}],"about":[{"href":"https:\/\/platerpremiumapartments.pl\/en\/wp-json\/wp\/v2\/types\/page"}],"author":[{"embeddable":true,"href":"https:\/\/platerpremiumapartments.pl\/en\/wp-json\/wp\/v2\/users\/3"}],"replies":[{"embeddable":true,"href":"https:\/\/platerpremiumapartments.pl\/en\/wp-json\/wp\/v2\/comments?post=16"}],"version-history":[{"count":0,"href":"https:\/\/platerpremiumapartments.pl\/en\/wp-json\/wp\/v2\/pages\/16\/revisions"}],"wp:featuredmedia":[{"embeddable":true,"href":"https:\/\/platerpremiumapartments.pl\/en\/wp-json\/wp\/v2\/media\/1589"}],"wp:attachment":[{"href":"https:\/\/platerpremiumapartments.pl\/en\/wp-json\/wp\/v2\/media?parent=16"}],"curies":[{"name":"wp","href":"https:\/\/api.w.org\/{rel}","templated":true}]}}